{"id":2552,"date":"2019-09-20T07:28:48","date_gmt":"2019-09-20T07:28:48","guid":{"rendered":"http:\/\/vivacientifica.com.br\/sitex\/?page_id=2552"},"modified":"2021-09-23T15:35:12","modified_gmt":"2021-09-23T18:35:12","slug":"about-02","status":"publish","type":"page","link":"https:\/\/vivacientifica.com.br\/sitex\/about-02\/","title":{"rendered":"Viva Cient\u00edfica"},"content":{"rendered":"<p>[vc_row][vc_column][g5element_heading title=&#8221;Miss\u00e3o&#8221;][g5element_space spacing=&#8221;22&#8243;][vc_column_text]Promover de forma transparente, as melhores solu\u00e7\u00f5es tecnol\u00f3gicas para os laborat\u00f3rios de an\u00e1lises cl\u00ednicas e hospitais, agregando valor, agilidade, seguran\u00e7a e efic\u00e1cia aos nossos clientes, superando expectativas, permitindo o bem estar e a valoriza\u00e7\u00e3o humana.[\/vc_column_text][g5element_space spacing=&#8221;20&#8243;][\/vc_column][\/vc_row][vc_row][vc_column][g5element_heading title=&#8221;Vis\u00e3o&#8221;][g5element_space spacing=&#8221;22&#8243;][vc_column_text]Atingir excel\u00eancia em rela\u00e7\u00e3o aos mat\u00e9rias fornecidos, de forma sustent\u00e1vel, compreendendo as reais necessidades de nossos clientes, atrav\u00e9s do empenho de nossos colaboradores, mantendo uma filosofia de refer\u00eancia de mercado na regi\u00e3o em que atuamos.[\/vc_column_text][g5element_space spacing=&#8221;20&#8243;][\/vc_column][\/vc_row][vc_row][vc_column][g5element_heading title=&#8221;Valores&#8221;][g5element_space spacing=&#8221;22&#8243;][vc_column_text]<\/p>\n<ul>\n<li>Desenvolvimento pessoal e profissional<\/li>\n<li>Integridade, transpar\u00eancia e \u00e9tica<\/li>\n<li>Compromisso com a qualidade e excel\u00eancia;<\/li>\n<li>Uso respons\u00e1vel dos recursos p\u00fablicos<\/li>\n<li>Valoriza\u00e7\u00e3o da Qualidade de vida<\/li>\n<li>Valoriza\u00e7\u00e3o pessoal e profissional<\/li>\n<li>Controle de Documentos;<\/li>\n<\/ul>\n<p>[\/vc_column_text][g5element_space spacing=&#8221;20&#8243;][\/vc_column][\/vc_row]<\/p>\n","protected":false},"excerpt":{"rendered":"<p>[vc_row][vc_column][g5element_heading title=&#8221;Miss\u00e3o&#8221;][g5element_space spacing=&#8221;22&#8243;][vc_column_text]Promover de forma transparente, as melhores solu\u00e7\u00f5es tecnol\u00f3gicas para os laborat\u00f3rios de an\u00e1lises cl\u00ednicas e hospitais, agregando valor, agilidade, seguran\u00e7a e efic\u00e1cia aos nossos clientes, superando expectativas, permitindo o bem estar e a valoriza\u00e7\u00e3o humana.[\/vc_column_text][g5element_space spacing=&#8221;20&#8243;][\/vc_column][\/vc_row][vc_row][vc_column][g5element_heading title=&#8221;Vis\u00e3o&#8221;][g5element_space spacing=&#8221;22&#8243;][vc_column_text]Atingir excel\u00eancia em rela\u00e7\u00e3o aos mat\u00e9rias fornecidos, de forma sustent\u00e1vel, compreendendo as reais necessidades de nossos [&hellip;]<\/p>\n","protected":false},"author":1,"featured_media":0,"parent":0,"menu_order":0,"comment_status":"closed","ping_status":"closed","template":"","meta":{"footnotes":""},"class_list":["post-2552","page","type-page","status-publish","hentry"],"_links":{"self":[{"href":"https:\/\/vivacientifica.com.br\/sitex\/wp-json\/wp\/v2\/pages\/2552","targetHints":{"allow":["GET"]}}],"collection":[{"href":"https:\/\/vivacientifica.com.br\/sitex\/wp-json\/wp\/v2\/pages"}],"about":[{"href":"https:\/\/vivacientifica.com.br\/sitex\/wp-json\/wp\/v2\/types\/page"}],"author":[{"embeddable":true,"href":"https:\/\/vivacientifica.com.br\/sitex\/wp-json\/wp\/v2\/users\/1"}],"replies":[{"embeddable":true,"href":"https:\/\/vivacientifica.com.br\/sitex\/wp-json\/wp\/v2\/comments?post=2552"}],"version-history":[{"count":4,"href":"https:\/\/vivacientifica.com.br\/sitex\/wp-json\/wp\/v2\/pages\/2552\/revisions"}],"predecessor-version":[{"id":3357,"href":"https:\/\/vivacientifica.com.br\/sitex\/wp-json\/wp\/v2\/pages\/2552\/revisions\/3357"}],"wp:attachment":[{"href":"https:\/\/vivacientifica.com.br\/sitex\/wp-json\/wp\/v2\/media?parent=2552"}],"curies":[{"name":"wp","href":"https:\/\/api.w.org\/{rel}","templated":true}]}}